{"id":86,"date":"2025-07-07T00:04:46","date_gmt":"2025-07-07T00:04:46","guid":{"rendered":"https:\/\/sonmuchosglobos.com.ar\/?page_id=86"},"modified":"2025-08-05T01:07:14","modified_gmt":"2025-08-05T01:07:14","slug":"fechas","status":"publish","type":"page","link":"https:\/\/sonmuchosglobos.com.ar\/?page_id=86","title":{"rendered":"Encuentros creativos"},"content":{"rendered":"\t\t<div data-elementor-type=\"wp-page\" data-elementor-id=\"86\" class=\"elementor elementor-86\">\n\t\t\t\t<div class=\"elementor-element elementor-element-5c81977 e-flex e-con-boxed e-con e-parent\" data-id=\"5c81977\" data-element_type=\"container\">\n\t\t\t\t\t<div class=\"e-con-inner\">\n\t\t\t\t<div class=\"elementor-element elementor-element-8c344cc elementor-widget elementor-widget-heading\" data-id=\"8c344cc\" data-element_type=\"widget\" data-widget_type=\"heading.default\">\n\t\t\t\t\t<h2 class=\"elementor-heading-title elementor-size-default\">Armado de mural <span style=\"font-family: Roboto, Helvetica, sans-serif;font-size: 22px\">&nbsp;<\/span>minions en Sr. Globo<\/h2>\t\t\t\t<\/div>\n\t\t\t\t<div class=\"elementor-element elementor-element-6b12e91 elementor-widget elementor-widget-image\" data-id=\"6b12e91\" data-element_type=\"widget\" data-widget_type=\"image.default\">\n\t\t\t\t\t\t\t\t\t\t\t\t\t\t\t<img fetchpriority=\"high\" decoding=\"async\" width=\"640\" height=\"585\" src=\"https:\/\/sonmuchosglobos.com.ar\/wp-content\/uploads\/2025\/07\/minimosglobox-1024x936.jpeg\" class=\"attachment-large size-large wp-image-167\" alt=\"\" srcset=\"https:\/\/sonmuchosglobos.com.ar\/wp-content\/uploads\/2025\/07\/minimosglobox-1024x936.jpeg 1024w, https:\/\/sonmuchosglobos.com.ar\/wp-content\/uploads\/2025\/07\/minimosglobox-300x274.jpeg 300w, https:\/\/sonmuchosglobos.com.ar\/wp-content\/uploads\/2025\/07\/minimosglobox-768x702.jpeg 768w, https:\/\/sonmuchosglobos.com.ar\/wp-content\/uploads\/2025\/07\/minimosglobox.jpeg 1366w\" sizes=\"(max-width: 640px) 100vw, 640px\" \/>\t\t\t\t\t\t\t\t\t\t\t\t\t\t\t<\/div>\n\t\t\t\t<div class=\"elementor-element elementor-element-fea534a elementor-widget elementor-widget-image\" data-id=\"fea534a\" data-element_type=\"widget\" data-widget_type=\"image.default\">\n\t\t\t\t\t\t\t\t\t\t\t\t\t\t\t<img decoding=\"async\" width=\"640\" height=\"848\" src=\"https:\/\/sonmuchosglobos.com.ar\/wp-content\/uploads\/2025\/08\/minioms-773x1024.jpeg\" class=\"attachment-large size-large wp-image-295\" alt=\"\" srcset=\"https:\/\/sonmuchosglobos.com.ar\/wp-content\/uploads\/2025\/08\/minioms-773x1024.jpeg 773w, https:\/\/sonmuchosglobos.com.ar\/wp-content\/uploads\/2025\/08\/minioms-227x300.jpeg 227w, https:\/\/sonmuchosglobos.com.ar\/wp-content\/uploads\/2025\/08\/minioms-768x1017.jpeg 768w, https:\/\/sonmuchosglobos.com.ar\/wp-content\/uploads\/2025\/08\/minioms.jpeg 1080w\" sizes=\"(max-width: 640px) 100vw, 640px\" \/>\t\t\t\t\t\t\t\t\t\t\t\t\t\t\t<\/div>\n\t\t\t\t<div class=\"elementor-element elementor-element-cebcccc elementor-widget elementor-widget-text-editor\" data-id=\"cebcccc\" data-element_type=\"widget\" data-widget_type=\"text-editor.default\">\n\t\t\t\t\t\t\t\t\t<p>Invitaci\u00f3n por Sr. Globo para armado de mural.<\/p>\t\t\t\t\t\t\t\t<\/div>\n\t\t\t\t<div class=\"elementor-element elementor-element-d7f7a05 elementor-widget elementor-widget-heading\" data-id=\"d7f7a05\" data-element_type=\"widget\" data-widget_type=\"heading.default\">\n\t\t\t\t\t<h2 class=\"elementor-heading-title elementor-size-default\">Armado de estructura drag\u00f3n<\/h2>\t\t\t\t<\/div>\n\t\t\t\t<div class=\"elementor-element elementor-element-cb56aca elementor-widget elementor-widget-text-editor\" data-id=\"cb56aca\" data-element_type=\"widget\" data-widget_type=\"text-editor.default\">\n\t\t\t\t\t\t\t\t\t<p>Participaci\u00f3n con mentora Miss Fina organizado por Globox.<\/p>\t\t\t\t\t\t\t\t<\/div>\n\t\t<div class=\"elementor-element elementor-element-e8d6117 e-grid e-con-full e-con e-child\" data-id=\"e8d6117\" data-element_type=\"container\">\n\t\t\t\t<div class=\"elementor-element elementor-element-43b22a2 elementor-widget elementor-widget-image\" data-id=\"43b22a2\" data-element_type=\"widget\" data-widget_type=\"image.default\">\n\t\t\t\t\t\t\t\t\t\t\t\t\t\t\t<img decoding=\"async\" width=\"640\" height=\"853\" src=\"https:\/\/sonmuchosglobos.com.ar\/wp-content\/uploads\/2025\/07\/WhatsApp-Image-2025-07-13-at-16.35.16-768x1024.jpeg\" class=\"attachment-large size-large wp-image-189\" alt=\"\" srcset=\"https:\/\/sonmuchosglobos.com.ar\/wp-content\/uploads\/2025\/07\/WhatsApp-Image-2025-07-13-at-16.35.16-768x1024.jpeg 768w, https:\/\/sonmuchosglobos.com.ar\/wp-content\/uploads\/2025\/07\/WhatsApp-Image-2025-07-13-at-16.35.16-225x300.jpeg 225w, https:\/\/sonmuchosglobos.com.ar\/wp-content\/uploads\/2025\/07\/WhatsApp-Image-2025-07-13-at-16.35.16-1152x1536.jpeg 1152w, https:\/\/sonmuchosglobos.com.ar\/wp-content\/uploads\/2025\/07\/WhatsApp-Image-2025-07-13-at-16.35.16.jpeg 1200w\" sizes=\"(max-width: 640px) 100vw, 640px\" \/>\t\t\t\t\t\t\t\t\t\t\t\t\t\t\t<\/div>\n\t\t\t\t<div class=\"elementor-element elementor-element-0993519 elementor-widget elementor-widget-image\" data-id=\"0993519\" data-element_type=\"widget\" data-widget_type=\"image.default\">\n\t\t\t\t\t\t\t\t\t\t\t\t\t\t\t<img loading=\"lazy\" decoding=\"async\" width=\"640\" height=\"853\" src=\"https:\/\/sonmuchosglobos.com.ar\/wp-content\/uploads\/2025\/07\/WhatsApp-Image-2025-07-13-at-16.35.16-1-768x1024.jpeg\" class=\"attachment-large size-large wp-image-188\" alt=\"\" srcset=\"https:\/\/sonmuchosglobos.com.ar\/wp-content\/uploads\/2025\/07\/WhatsApp-Image-2025-07-13-at-16.35.16-1-768x1024.jpeg 768w, https:\/\/sonmuchosglobos.com.ar\/wp-content\/uploads\/2025\/07\/WhatsApp-Image-2025-07-13-at-16.35.16-1-225x300.jpeg 225w, https:\/\/sonmuchosglobos.com.ar\/wp-content\/uploads\/2025\/07\/WhatsApp-Image-2025-07-13-at-16.35.16-1-1152x1536.jpeg 1152w, https:\/\/sonmuchosglobos.com.ar\/wp-content\/uploads\/2025\/07\/WhatsApp-Image-2025-07-13-at-16.35.16-1.jpeg 1200w\" sizes=\"(max-width: 640px) 100vw, 640px\" \/>\t\t\t\t\t\t\t\t\t\t\t\t\t\t\t<\/div>\n\t\t\t\t<div class=\"elementor-element elementor-element-0780de4 elementor-widget elementor-widget-image\" data-id=\"0780de4\" data-element_type=\"widget\" data-widget_type=\"image.default\">\n\t\t\t\t\t\t\t\t\t\t\t\t\t\t\t<img loading=\"lazy\" decoding=\"async\" width=\"640\" height=\"435\" src=\"https:\/\/sonmuchosglobos.com.ar\/wp-content\/uploads\/2025\/07\/WhatsApp-Image-2025-07-13-at-16.35.15.jpeg\" class=\"attachment-large size-large wp-image-187\" alt=\"\" srcset=\"https:\/\/sonmuchosglobos.com.ar\/wp-content\/uploads\/2025\/07\/WhatsApp-Image-2025-07-13-at-16.35.15.jpeg 980w, https:\/\/sonmuchosglobos.com.ar\/wp-content\/uploads\/2025\/07\/WhatsApp-Image-2025-07-13-at-16.35.15-300x204.jpeg 300w, https:\/\/sonmuchosglobos.com.ar\/wp-content\/uploads\/2025\/07\/WhatsApp-Image-2025-07-13-at-16.35.15-768x522.jpeg 768w\" sizes=\"(max-width: 640px) 100vw, 640px\" \/>\t\t\t\t\t\t\t\t\t\t\t\t\t\t\t<\/div>\n\t\t\t\t<div class=\"elementor-element elementor-element-ff828fa elementor-widget elementor-widget-image\" data-id=\"ff828fa\" data-element_type=\"widget\" data-widget_type=\"image.default\">\n\t\t\t\t\t\t\t\t\t\t\t\t\t\t\t<img loading=\"lazy\" decoding=\"async\" width=\"640\" height=\"853\" src=\"https:\/\/sonmuchosglobos.com.ar\/wp-content\/uploads\/2025\/07\/WhatsApp-Image-2025-07-13-at-16.04.27-1-768x1024.jpeg\" class=\"attachment-large size-large wp-image-172\" alt=\"\" srcset=\"https:\/\/sonmuchosglobos.com.ar\/wp-content\/uploads\/2025\/07\/WhatsApp-Image-2025-07-13-at-16.04.27-1-768x1024.jpeg 768w, https:\/\/sonmuchosglobos.com.ar\/wp-content\/uploads\/2025\/07\/WhatsApp-Image-2025-07-13-at-16.04.27-1-225x300.jpeg 225w, https:\/\/sonmuchosglobos.com.ar\/wp-content\/uploads\/2025\/07\/WhatsApp-Image-2025-07-13-at-16.04.27-1-1152x1536.jpeg 1152w, https:\/\/sonmuchosglobos.com.ar\/wp-content\/uploads\/2025\/07\/WhatsApp-Image-2025-07-13-at-16.04.27-1.jpeg 1200w\" sizes=\"(max-width: 640px) 100vw, 640px\" \/>\t\t\t\t\t\t\t\t\t\t\t\t\t\t\t<\/div>\n\t\t\t\t<div class=\"elementor-element elementor-element-43f3728 elementor-widget elementor-widget-image\" data-id=\"43f3728\" data-element_type=\"widget\" data-widget_type=\"image.default\">\n\t\t\t\t\t\t\t\t\t\t\t\t\t\t\t<img loading=\"lazy\" decoding=\"async\" width=\"640\" height=\"853\" src=\"https:\/\/sonmuchosglobos.com.ar\/wp-content\/uploads\/2025\/07\/WhatsApp-Image-2025-07-13-at-16.04.27-768x1024.jpeg\" class=\"attachment-large size-large wp-image-175\" alt=\"\" srcset=\"https:\/\/sonmuchosglobos.com.ar\/wp-content\/uploads\/2025\/07\/WhatsApp-Image-2025-07-13-at-16.04.27-768x1024.jpeg 768w, https:\/\/sonmuchosglobos.com.ar\/wp-content\/uploads\/2025\/07\/WhatsApp-Image-2025-07-13-at-16.04.27-225x300.jpeg 225w, https:\/\/sonmuchosglobos.com.ar\/wp-content\/uploads\/2025\/07\/WhatsApp-Image-2025-07-13-at-16.04.27-1152x1536.jpeg 1152w, https:\/\/sonmuchosglobos.com.ar\/wp-content\/uploads\/2025\/07\/WhatsApp-Image-2025-07-13-at-16.04.27.jpeg 1200w\" sizes=\"(max-width: 640px) 100vw, 640px\" \/>\t\t\t\t\t\t\t\t\t\t\t\t\t\t\t<\/div>\n\t\t\t\t<\/div>\n\t\t\t\t<div class=\"elementor-element elementor-element-8baab1a elementor-widget elementor-widget-heading\" data-id=\"8baab1a\" data-element_type=\"widget\" data-widget_type=\"heading.default\">\n\t\t\t\t\t<h2 class=\"elementor-heading-title elementor-size-default\">Encuentro en Ferro Tuki<\/h2>\t\t\t\t<\/div>\n\t\t\t\t<div class=\"elementor-element elementor-element-05db339 elementor-widget elementor-widget-text-editor\" data-id=\"05db339\" data-element_type=\"widget\" data-widget_type=\"text-editor.default\">\n\t\t\t\t\t\t\t\t\t<p>Capacitaci\u00f3n en Tuky .<\/p>\t\t\t\t\t\t\t\t<\/div>\n\t\t\t\t<div class=\"elementor-element elementor-element-553f277 elementor-widget elementor-widget-video\" data-id=\"553f277\" data-element_type=\"widget\" data-settings=\"{&quot;video_type&quot;:&quot;hosted&quot;,&quot;controls&quot;:&quot;yes&quot;}\" data-widget_type=\"video.default\">\n\t\t\t\t\t\t\t<div class=\"e-hosted-video elementor-wrapper elementor-open-inline\">\n\t\t\t\t\t<video class=\"elementor-video\" src=\"https:\/\/sonmuchosglobos.com.ar\/wp-content\/uploads\/2025\/07\/WhatsApp-Video-2025-07-13-at-16.34.08.mp4\" controls=\"\" preload=\"metadata\" controlsList=\"nodownload\"><\/video>\n\t\t\t\t<\/div>\n\t\t\t\t\t\t<\/div>\n\t\t\t\t\t<\/div>\n\t\t\t\t<\/div>\n\t\t\t\t<\/div>\n\t\t","protected":false},"excerpt":{"rendered":"<p>Armado de mural &nbsp;minions en Sr. Globo Invitaci\u00f3n por Sr. Globo para armado de mural. Armado de estructura drag\u00f3n Participaci\u00f3n con mentora Miss Fina organizado por Globox. Encuentro en Ferro Tuki Capacitaci\u00f3n en Tuky . https:\/\/sonmuchosglobos.com.ar\/wp-content\/uploads\/2025\/07\/WhatsApp-Video-2025-07-13-at-16.34.08.mp4<\/p>\n","protected":false},"author":1,"featured_media":0,"parent":0,"menu_order":0,"comment_status":"closed","ping_status":"closed","template":"","meta":{"footnotes":""},"class_list":["post-86","page","type-page","status-publish","hentry"],"_links":{"self":[{"href":"https:\/\/sonmuchosglobos.com.ar\/index.php?rest_route=\/wp\/v2\/pages\/86","targetHints":{"allow":["GET"]}}],"collection":[{"href":"https:\/\/sonmuchosglobos.com.ar\/index.php?rest_route=\/wp\/v2\/pages"}],"about":[{"href":"https:\/\/sonmuchosglobos.com.ar\/index.php?rest_route=\/wp\/v2\/types\/page"}],"author":[{"embeddable":true,"href":"https:\/\/sonmuchosglobos.com.ar\/index.php?rest_route=\/wp\/v2\/users\/1"}],"replies":[{"embeddable":true,"href":"https:\/\/sonmuchosglobos.com.ar\/index.php?rest_route=%2Fwp%2Fv2%2Fcomments&post=86"}],"version-history":[{"count":18,"href":"https:\/\/sonmuchosglobos.com.ar\/index.php?rest_route=\/wp\/v2\/pages\/86\/revisions"}],"predecessor-version":[{"id":298,"href":"https:\/\/sonmuchosglobos.com.ar\/index.php?rest_route=\/wp\/v2\/pages\/86\/revisions\/298"}],"wp:attachment":[{"href":"https:\/\/sonmuchosglobos.com.ar\/index.php?rest_route=%2Fwp%2Fv2%2Fmedia&parent=86"}],"curies":[{"name":"wp","href":"https:\/\/api.w.org\/{rel}","templated":true}]}}